{"id":63,"date":"2017-11-09T12:27:33","date_gmt":"2017-11-09T12:27:33","guid":{"rendered":"http:\/\/ochsenbi.cyon.link\/wordpress\/?page_id=63"},"modified":"2020-06-16T13:54:02","modified_gmt":"2020-06-16T13:54:02","slug":"home","status":"publish","type":"page","link":"https:\/\/ochsen-binzen.de\/","title":{"rendered":"Home"},"content":{"rendered":"<p>[et_pb_section fb_built=&#8221;1&#8243; fullwidth=&#8221;on&#8221; module_class=&#8221;home_banner&#8221; _builder_version=&#8221;3.22&#8243; background_image=&#8221;https:\/\/ochsen-binzen.de\/wp-content\/uploads\/2017\/11\/martinfrick-1767-1.jpg&#8221; parallax=&#8221;on&#8221;][et_pb_fullwidth_header text_orientation=&#8221;center&#8221; header_fullscreen=&#8221;on&#8221; background_overlay_color=&#8221;rgba(255,255,255,0)&#8221; module_class=&#8221;home_banner_title&#8221; _builder_version=&#8221;3.16&#8243; background_color=&#8221;rgba(255, 255, 255, 0)&#8221; max_width_tablet=&#8221;50px&#8221; button_one_text_size__hover_enabled=&#8221;off&#8221; button_two_text_size__hover_enabled=&#8221;off&#8221; button_one_text_color__hover_enabled=&#8221;off&#8221; button_two_text_color__hover_enabled=&#8221;off&#8221; button_one_border_width__hover_enabled=&#8221;off&#8221; button_two_border_width__hover_enabled=&#8221;off&#8221; button_one_border_color__hover_enabled=&#8221;off&#8221; button_two_border_color__hover_enabled=&#8221;off&#8221; button_one_border_radius__hover_enabled=&#8221;off&#8221; button_two_border_radius__hover_enabled=&#8221;off&#8221; button_one_letter_spacing__hover_enabled=&#8221;off&#8221; button_two_letter_spacing__hover_enabled=&#8221;off&#8221; button_one_bg_color__hover_enabled=&#8221;off&#8221; button_two_bg_color__hover_enabled=&#8221;off&#8221;][\/et_pb_fullwidth_header][\/et_pb_section][et_pb_section fb_built=&#8221;1&#8243; _builder_version=&#8221;3.22&#8243;][et_pb_row _builder_version=&#8221;3.25&#8243; background_size=&#8221;initial&#8221; background_position=&#8221;top_left&#8221; background_repeat=&#8221;repeat&#8221; custom_margin=&#8221;|auto|-31px|auto||&#8221;][et_pb_column type=&#8221;4_4&#8243; _builder_version=&#8221;3.25&#8243; custom_padding=&#8221;|||&#8221; custom_padding__hover=&#8221;|||&#8221;][et_pb_text admin_label=&#8221;Header&#8221; _builder_version=&#8221;3.27.4&#8243;]<\/p>\n<h1>Ochsen Hotel Restaurant in Binzen<\/h1>\n<p>[\/et_pb_text][\/et_pb_column][\/et_pb_row][et_pb_row _builder_version=&#8221;4.1&#8243; custom_margin=&#8221;|auto|-63px|auto||&#8221;][et_pb_column type=&#8221;4_4&#8243; _builder_version=&#8221;4.1&#8243;][\/et_pb_column][\/et_pb_row][et_pb_row column_structure=&#8221;1_2,1_2&#8243; _builder_version=&#8221;3.25&#8243; background_size=&#8221;initial&#8221; background_position=&#8221;top_left&#8221; background_repeat=&#8221;repeat&#8221;][et_pb_column type=&#8221;1_2&#8243; _builder_version=&#8221;3.25&#8243; custom_padding=&#8221;|||&#8221; custom_padding__hover=&#8221;|||&#8221;][et_pb_image src=&#8221;https:\/\/ochsen-binzen.de\/wp-content\/uploads\/2017\/12\/03_Hotel_780x320px.gif&#8221; align_tablet=&#8221;center&#8221; align_phone=&#8221;&#8221; align_last_edited=&#8221;on|desktop&#8221; _builder_version=&#8221;3.23&#8243; animation_style=&#8221;slide&#8221; animation_direction=&#8221;left&#8221; animation_duration=&#8221;500ms&#8221; animation_intensity_slide=&#8221;10%&#8221; custom_margin=&#8221;||-159px|||&#8221;][\/et_pb_image][\/et_pb_column][et_pb_column type=&#8221;1_2&#8243; _builder_version=&#8221;3.25&#8243; custom_padding=&#8221;|||&#8221; custom_padding__hover=&#8221;|||&#8221;][et_pb_text _builder_version=&#8221;3.27.4&#8243; border_style=&#8221;solid&#8221;]<\/p>\n<h2>Herzlich willkommen!<\/h2>\n<h4>Wer das Hotel-Restaurant Ochsen betritt, findet sich in einer Atmosph\u00e4re unverf\u00e4lschter Gastlichkeit und stilvollem Ambiente wieder.<\/h4>\n<p>In unserem Restaurant entf\u00fchren wir Sie auf eine anregende Feinschmeckerreise mit einer exquisiten Vielfalt, ganz nach Ihrem Geschmack.<\/p>\n<p>Tanken Sie neue Energie in unseren behaglichen G\u00e4stezimmern. In lauschiger Atmosph\u00e4re unter einem alten, Schatten spendenden Baumbestand erleben Sie entspannende Stunden.<\/p>\n<p><strong>Herzlichst, Ihr J\u00f6rg Brugger mit Team<br \/>\n<\/strong><br \/>\n[\/et_pb_text][\/et_pb_column][\/et_pb_row][et_pb_row _builder_version=&#8221;3.25&#8243; background_size=&#8221;initial&#8221; background_position=&#8221;top_left&#8221; background_repeat=&#8221;repeat&#8221;][et_pb_column type=&#8221;4_4&#8243; _builder_version=&#8221;3.25&#8243; custom_padding=&#8221;|||&#8221; custom_padding__hover=&#8221;|||&#8221;][et_pb_divider show_divider=&#8221;off&#8221; disabled_on=&#8221;on|on|off&#8221; admin_label=&#8221;Divider 25px&#8221; _builder_version=&#8221;3.23.4&#8243; height=&#8221;25px&#8221; hide_on_mobile=&#8221;on&#8221;][\/et_pb_divider][et_pb_text _builder_version=&#8221;3.27.4&#8243; border_style=&#8221;solid&#8221;]<\/p>\n<h2>Unterwegs und doch zuhause<\/h2>\n<p>[\/et_pb_text][et_pb_divider show_divider=&#8221;off&#8221; disabled_on=&#8221;on|on|off&#8221; admin_label=&#8221;Divider 25px&#8221; _builder_version=&#8221;3.23.4&#8243; height=&#8221;25px&#8221; hide_on_mobile=&#8221;on&#8221;][\/et_pb_divider][\/et_pb_column][\/et_pb_row][et_pb_row column_structure=&#8221;1_2,1_2&#8243; _builder_version=&#8221;3.25&#8243; background_size=&#8221;initial&#8221; background_position=&#8221;top_left&#8221; background_repeat=&#8221;repeat&#8221;][et_pb_column type=&#8221;1_2&#8243; _builder_version=&#8221;3.25&#8243; custom_padding=&#8221;|||&#8221; custom_padding__hover=&#8221;|||&#8221;][et_pb_image src=&#8221;https:\/\/ochsen-binzen.de\/wp-content\/uploads\/2017\/11\/martinfrick-9800.jpg&#8221; align_tablet=&#8221;center&#8221; align_phone=&#8221;&#8221; align_last_edited=&#8221;on|desktop&#8221; _builder_version=&#8221;3.23&#8243;][\/et_pb_image][et_pb_text admin_label=&#8221;Hotel&#8221; _builder_version=&#8221;3.27.4&#8243;]<\/p>\n<h2>Hotel***<\/h2>\n<p>Wir im Markgr\u00e4flerland sind echte Geniesser und leidenschaftliche Gastgeber. Deshalb f\u00fchlen sich unsere G\u00e4ste von Anfang an heimisch bei uns. Ob Sie gesch\u00e4ftlich reisen oder einfach unsere vielseitige Region entdecken wollen &#8211; seien Sie in unserem traditionsreichen Haus herzlich willkommen!<br \/>\n[\/et_pb_text][et_pb_button button_url=&#8221;https:\/\/ochsen-binzen.de\/index.php\/hotel\/&#8221; button_text=&#8221;mehr erfahren &#038; online buchen&#8221; _builder_version=&#8221;3.16&#8243; button_text_size__hover_enabled=&#8221;off&#8221; button_one_text_size__hover_enabled=&#8221;off&#8221; button_two_text_size__hover_enabled=&#8221;off&#8221; button_text_color__hover_enabled=&#8221;off&#8221; button_one_text_color__hover_enabled=&#8221;off&#8221; button_two_text_color__hover_enabled=&#8221;off&#8221; button_border_width__hover_enabled=&#8221;off&#8221; button_one_border_width__hover_enabled=&#8221;off&#8221; button_two_border_width__hover_enabled=&#8221;off&#8221; button_border_color__hover_enabled=&#8221;off&#8221; button_one_border_color__hover_enabled=&#8221;off&#8221; button_two_border_color__hover_enabled=&#8221;off&#8221; button_border_radius__hover_enabled=&#8221;off&#8221; button_one_border_radius__hover_enabled=&#8221;off&#8221; button_two_border_radius__hover_enabled=&#8221;off&#8221; button_letter_spacing__hover_enabled=&#8221;off&#8221; button_one_letter_spacing__hover_enabled=&#8221;off&#8221; button_two_letter_spacing__hover_enabled=&#8221;off&#8221; button_bg_color__hover_enabled=&#8221;off&#8221; button_one_bg_color__hover_enabled=&#8221;off&#8221; button_two_bg_color__hover_enabled=&#8221;off&#8221;][\/et_pb_button][\/et_pb_column][et_pb_column type=&#8221;1_2&#8243; _builder_version=&#8221;3.25&#8243; custom_padding=&#8221;|||&#8221; custom_padding__hover=&#8221;|||&#8221;][et_pb_image src=&#8221;https:\/\/ochsen-binzen.de\/wp-content\/uploads\/2018\/05\/martinfrick-2187.jpg&#8221; align_tablet=&#8221;center&#8221; align_phone=&#8221;&#8221; align_last_edited=&#8221;on|desktop&#8221; _builder_version=&#8221;3.23&#8243;][\/et_pb_image][et_pb_text admin_label=&#8221;Restaurant&#8221; _builder_version=&#8221;3.27.4&#8243;]<\/p>\n<h2>Restaurant<\/h2>\n<p>Wenn Sie gerne mal mit Freunden einen guten Wein geniessen, die Vielfalt und Frische ausgesuchter Lebensmittel genauso lieben wie wir, f\u00fchlen Sie sich in unserem Restaurant sicherlich gut aufgehoben. Wir freuen uns auf einen gem\u00fctlichen und genussreichen Abend mit Ihnen.<br \/>\n[\/et_pb_text][et_pb_button button_url=&#8221;https:\/\/ochsen-binzen.de\/index.php\/restaurant\/&#8221; button_text=&#8221;mehr erfahren &#038; Tisch reservieren&#8221; _builder_version=&#8221;3.16&#8243; button_text_size__hover_enabled=&#8221;off&#8221; button_one_text_size__hover_enabled=&#8221;off&#8221; button_two_text_size__hover_enabled=&#8221;off&#8221; button_text_color__hover_enabled=&#8221;off&#8221; button_one_text_color__hover_enabled=&#8221;off&#8221; button_two_text_color__hover_enabled=&#8221;off&#8221; button_border_width__hover_enabled=&#8221;off&#8221; button_one_border_width__hover_enabled=&#8221;off&#8221; button_two_border_width__hover_enabled=&#8221;off&#8221; button_border_color__hover_enabled=&#8221;off&#8221; button_one_border_color__hover_enabled=&#8221;off&#8221; button_two_border_color__hover_enabled=&#8221;off&#8221; button_border_radius__hover_enabled=&#8221;off&#8221; button_one_border_radius__hover_enabled=&#8221;off&#8221; button_two_border_radius__hover_enabled=&#8221;off&#8221; button_letter_spacing__hover_enabled=&#8221;off&#8221; button_one_letter_spacing__hover_enabled=&#8221;off&#8221; button_two_letter_spacing__hover_enabled=&#8221;off&#8221; button_bg_color__hover_enabled=&#8221;off&#8221; button_one_bg_color__hover_enabled=&#8221;off&#8221; button_two_bg_color__hover_enabled=&#8221;off&#8221;][\/et_pb_button][\/et_pb_column][\/et_pb_row][\/et_pb_section]<\/p>\n","protected":false},"excerpt":{"rendered":"<p>Ochsen Hotel Restaurant in Binzen Herzlich willkommen! Wer das Hotel-Restaurant Ochsen betritt, findet sich in einer Atmosph\u00e4re unverf\u00e4lschter Gastlichkeit und stilvollem Ambiente wieder. In unserem Restaurant entf\u00fchren wir Sie auf eine anregende Feinschmeckerreise mit einer exquisiten Vielfalt, ganz nach Ihrem Geschmack. Tanken Sie neue Energie in unseren behaglichen G\u00e4stezimmern. In lauschiger Atmosph\u00e4re unter einem alten, [&hellip;]<\/p>\n","protected":false},"author":1,"featured_media":0,"parent":0,"menu_order":0,"comment_status":"closed","ping_status":"closed","template":"","meta":{"_et_pb_use_builder":"on","_et_pb_old_content":"","_et_gb_content_width":"","footnotes":""},"class_list":["post-63","page","type-page","status-publish","hentry"],"_links":{"self":[{"href":"https:\/\/ochsen-binzen.de\/index.php\/wp-json\/wp\/v2\/pages\/63","targetHints":{"allow":["GET"]}}],"collection":[{"href":"https:\/\/ochsen-binzen.de\/index.php\/wp-json\/wp\/v2\/pages"}],"about":[{"href":"https:\/\/ochsen-binzen.de\/index.php\/wp-json\/wp\/v2\/types\/page"}],"author":[{"embeddable":true,"href":"https:\/\/ochsen-binzen.de\/index.php\/wp-json\/wp\/v2\/users\/1"}],"replies":[{"embeddable":true,"href":"https:\/\/ochsen-binzen.de\/index.php\/wp-json\/wp\/v2\/comments?post=63"}],"version-history":[{"count":47,"href":"https:\/\/ochsen-binzen.de\/index.php\/wp-json\/wp\/v2\/pages\/63\/revisions"}],"predecessor-version":[{"id":5923,"href":"https:\/\/ochsen-binzen.de\/index.php\/wp-json\/wp\/v2\/pages\/63\/revisions\/5923"}],"wp:attachment":[{"href":"https:\/\/ochsen-binzen.de\/index.php\/wp-json\/wp\/v2\/media?parent=63"}],"curies":[{"name":"wp","href":"https:\/\/api.w.org\/{rel}","templated":true}]}}